{"id":81,"date":"2023-02-20T12:48:17","date_gmt":"2023-02-20T12:48:17","guid":{"rendered":"https:\/\/new.arioltrading.ee\/?post_type=product&#038;p=81"},"modified":"2026-03-10T09:10:26","modified_gmt":"2026-03-10T09:10:26","slug":"laatsevedelik-univis-bio-travel-100ml","status":"publish","type":"product","link":"https:\/\/arioltrading.ee\/en\/product\/laatsevedelik-univis-bio-travel-100ml\/","title":{"rendered":"UNIVIS BIO Travel<br><p><span style=\"font-weight:normal\"> Lens cleaning fluid <br>100ml+ container"},"content":{"rendered":"<p>Multi-purpose protein-removing lens care product for all types of soft contact lenses (including new generation silicone hydrogel lenses)<br \/>\nSuitable for use by people with sensitive eyes.<br \/>\nCleaning - Disinfection - Rinsing - Storage - Moisturization - Protein removal<br \/>\nCan be used for 3 months after opening.<\/p>","protected":false},"excerpt":{"rendered":"<p>Mitmeotstarbeline valke eemaldav l\u00e4\u00e4tsehooldusvahend igat t\u00fc\u00fcpi pehmetele kontaktl\u00e4\u00e4tsedele (k.a uue p\u00f5lvkonna silikoonh\u00fcdrogeell\u00e4\u00e4tsedele). Sobib kasutamiseks tundlike silmadega inimestele. Puhastamine \u2013 Desinfitseerimine \u2013 Loputamine \u2013 Hoidmine \u2013 Niisutamine \u2013 Valkude eemaldamine P\u00e4rast avamist v\u00f5ib kasutada 3 kuud.<\/p>","protected":false},"featured_media":2115,"template":"","meta":[],"product_brand":[],"product_cat":[27],"product_tag":[],"class_list":{"0":"post-81","1":"product","2":"type-product","3":"status-publish","4":"has-post-thumbnail","6":"product_cat-laatsehooldusvedelikud","8":"first","9":"instock","10":"taxable","11":"shipping-taxable","12":"purchasable","13":"product-type-simple"},"_links":{"self":[{"href":"https:\/\/arioltrading.ee\/en\/wp-json\/wp\/v2\/product\/81","targetHints":{"allow":["GET"]}}],"collection":[{"href":"https:\/\/arioltrading.ee\/en\/wp-json\/wp\/v2\/product"}],"about":[{"href":"https:\/\/arioltrading.ee\/en\/wp-json\/wp\/v2\/types\/product"}],"wp:featuredmedia":[{"embeddable":true,"href":"https:\/\/arioltrading.ee\/en\/wp-json\/wp\/v2\/media\/2115"}],"wp:attachment":[{"href":"https:\/\/arioltrading.ee\/en\/wp-json\/wp\/v2\/media?parent=81"}],"wp:term":[{"taxonomy":"product_brand","embeddable":true,"href":"https:\/\/arioltrading.ee\/en\/wp-json\/wp\/v2\/product_brand?post=81"},{"taxonomy":"product_cat","embeddable":true,"href":"https:\/\/arioltrading.ee\/en\/wp-json\/wp\/v2\/product_cat?post=81"},{"taxonomy":"product_tag","embeddable":true,"href":"https:\/\/arioltrading.ee\/en\/wp-json\/wp\/v2\/product_tag?post=81"}],"curies":[{"name":"wp","href":"https:\/\/api.w.org\/{rel}","templated":true}]}}