{"id":597,"date":"2023-02-27T10:57:42","date_gmt":"2023-02-27T10:57:42","guid":{"rendered":"https:\/\/new.arioltrading.ee\/?post_type=product&#038;p=597"},"modified":"2026-01-06T11:48:28","modified_gmt":"2026-01-06T11:48:28","slug":"valmisprillid-mudel-92250","status":"publish","type":"product","link":"https:\/\/arioltrading.ee\/en\/product\/valmisprillid-mudel-92250\/","title":{"rendered":"VALMISPRILL <br><p><span style=\"font-weight:normal\">Model 92250"},"content":{"rendered":"<p>Valmisprillid 92250:<br \/>\n1. Type: metal<br \/>\n2. Sex: universal<br \/>\n3. Pupil distance(PD):63mm<br \/>\n4.Size:~48-20-130 mm<br \/>\n5. Klaasitugevused: +0.50, +0.75, +1.00, +1.25 dpt.<br \/>\n6. Mixed colors<br \/>\n7. Manufacturer: Ariol Trading O\u00dc<\/p>\n<p>&nbsp;<\/p>","protected":false},"excerpt":{"rendered":"<p>Metall valmisprill.<\/p>\n<p>Soovitud v\u00e4rvi puudumisel, pakume asenduseks teist v\u00e4rvi. Valitud v\u00e4rvi puudumisel v\u00f5etakse Teiega \u00fchendust.<\/p>","protected":false},"featured_media":3534,"template":"","meta":[],"product_brand":[],"product_cat":[164],"product_tag":[],"class_list":{"0":"post-597","1":"product","2":"type-product","3":"status-publish","4":"has-post-thumbnail","6":"product_cat-valmisprillid-metall-2","8":"first","9":"instock","10":"taxable","11":"shipping-taxable","12":"purchasable","13":"product-type-variable"},"_links":{"self":[{"href":"https:\/\/arioltrading.ee\/en\/wp-json\/wp\/v2\/product\/597","targetHints":{"allow":["GET"]}}],"collection":[{"href":"https:\/\/arioltrading.ee\/en\/wp-json\/wp\/v2\/product"}],"about":[{"href":"https:\/\/arioltrading.ee\/en\/wp-json\/wp\/v2\/types\/product"}],"wp:featuredmedia":[{"embeddable":true,"href":"https:\/\/arioltrading.ee\/en\/wp-json\/wp\/v2\/media\/3534"}],"wp:attachment":[{"href":"https:\/\/arioltrading.ee\/en\/wp-json\/wp\/v2\/media?parent=597"}],"wp:term":[{"taxonomy":"product_brand","embeddable":true,"href":"https:\/\/arioltrading.ee\/en\/wp-json\/wp\/v2\/product_brand?post=597"},{"taxonomy":"product_cat","embeddable":true,"href":"https:\/\/arioltrading.ee\/en\/wp-json\/wp\/v2\/product_cat?post=597"},{"taxonomy":"product_tag","embeddable":true,"href":"https:\/\/arioltrading.ee\/en\/wp-json\/wp\/v2\/product_tag?post=597"}],"curies":[{"name":"wp","href":"https:\/\/api.w.org\/{rel}","templated":true}]}}