{"id":550,"date":"2023-02-27T09:55:48","date_gmt":"2023-02-27T09:55:48","guid":{"rendered":"https:\/\/new.arioltrading.ee\/?post_type=product&#038;p=550"},"modified":"2026-03-10T09:07:19","modified_gmt":"2026-03-10T09:07:19","slug":"lugemisprillid-mudel-3395","status":"publish","type":"product","link":"https:\/\/arioltrading.ee\/en\/product\/lugemisprillid-mudel-3395\/","title":{"rendered":"READING GLASSES <br><p><span style=\"font-weight:normal\">Model 3395"},"content":{"rendered":"<p>Reading glasses- Model 3395<br \/>\n1. Type: metal<br \/>\n2. Sex: universal<br \/>\n3. Pupil distance(PD):62mm<br \/>\n4. Suurus: ~48-20-135mm<br \/>\n5. Klaasitugevused: +0.50, +3.25, +3.75, +4.00 (tugevuse vahe 0.25 dpt) +4.50, +5.00 dpt .<br \/>\n6. Mixed colors<br \/>\n7. Manufacturer: Ariol Trading O\u00dc<\/p>\n<p>From power +4.50, the price of ready glasses is \u20ac23.99<\/p>","protected":false},"excerpt":{"rendered":"<p>Metal reading glasses<\/p>\n<p>Soovitud v\u00e4rvi puudumisel, pakume asenduseks teist v\u00e4rvi. Valitud v\u00e4rvi puudumisel v\u00f5etakse Teiega \u00fchendust.<\/p>","protected":false},"featured_media":3511,"template":"","meta":[],"product_brand":[],"product_cat":[218,164],"product_tag":[],"class_list":{"0":"post-550","1":"product","2":"type-product","3":"status-publish","4":"has-post-thumbnail","6":"product_cat-soodus","7":"product_cat-valmisprillid-metall-2","9":"first","10":"instock","11":"taxable","12":"shipping-taxable","13":"purchasable","14":"product-type-variable"},"_links":{"self":[{"href":"https:\/\/arioltrading.ee\/en\/wp-json\/wp\/v2\/product\/550","targetHints":{"allow":["GET"]}}],"collection":[{"href":"https:\/\/arioltrading.ee\/en\/wp-json\/wp\/v2\/product"}],"about":[{"href":"https:\/\/arioltrading.ee\/en\/wp-json\/wp\/v2\/types\/product"}],"wp:featuredmedia":[{"embeddable":true,"href":"https:\/\/arioltrading.ee\/en\/wp-json\/wp\/v2\/media\/3511"}],"wp:attachment":[{"href":"https:\/\/arioltrading.ee\/en\/wp-json\/wp\/v2\/media?parent=550"}],"wp:term":[{"taxonomy":"product_brand","embeddable":true,"href":"https:\/\/arioltrading.ee\/en\/wp-json\/wp\/v2\/product_brand?post=550"},{"taxonomy":"product_cat","embeddable":true,"href":"https:\/\/arioltrading.ee\/en\/wp-json\/wp\/v2\/product_cat?post=550"},{"taxonomy":"product_tag","embeddable":true,"href":"https:\/\/arioltrading.ee\/en\/wp-json\/wp\/v2\/product_tag?post=550"}],"curies":[{"name":"wp","href":"https:\/\/api.w.org\/{rel}","templated":true}]}}