{"id":5417,"date":"2025-03-27T09:00:14","date_gmt":"2025-03-27T09:00:14","guid":{"rendered":"https:\/\/arioltrading.ee\/?post_type=product&#038;p=5417"},"modified":"2026-03-11T09:57:04","modified_gmt":"2026-03-11T09:57:04","slug":"valmisprillid-plastik-2247-c-4","status":"publish","type":"product","link":"https:\/\/arioltrading.ee\/en\/product\/valmisprillid-plastik-2247-c-4\/","title":{"rendered":"Valmisprillid plastik 2247 C.4 sinine"},"content":{"rendered":"<p>Lugemisprillid \u2013 Mudel 2247.C4:<br \/>\n1.Type: plastic<br \/>\n2. Kellele: universaal<br \/>\n3. Pupil distance(PD):63\/64mm<br \/>\n4. Klaasitugevused: +1.50\u2026 +4.00 (tugevuse vahe 0.25 dpt)<br \/>\n5. Erinevad v\u00e4rvid<br \/>\n6. Tootja: Ariol Trading O\u00dc<\/p>","protected":false},"excerpt":{"rendered":"<p>Reading glasses<\/p>\n<p>Soovitud v\u00e4rvi puudumisel v\u00f5etakse Teiega \u00fchendust, et pakkuda asenduseks teist v\u00e4rvi.<\/p>","protected":false},"featured_media":5407,"template":"","meta":[],"product_brand":[],"product_cat":[26],"product_tag":[],"class_list":{"0":"post-5417","1":"product","2":"type-product","3":"status-publish","4":"has-post-thumbnail","6":"product_cat-meeste","8":"first","9":"instock","10":"taxable","11":"shipping-taxable","12":"purchasable","13":"product-type-variable"},"_links":{"self":[{"href":"https:\/\/arioltrading.ee\/en\/wp-json\/wp\/v2\/product\/5417","targetHints":{"allow":["GET"]}}],"collection":[{"href":"https:\/\/arioltrading.ee\/en\/wp-json\/wp\/v2\/product"}],"about":[{"href":"https:\/\/arioltrading.ee\/en\/wp-json\/wp\/v2\/types\/product"}],"wp:featuredmedia":[{"embeddable":true,"href":"https:\/\/arioltrading.ee\/en\/wp-json\/wp\/v2\/media\/5407"}],"wp:attachment":[{"href":"https:\/\/arioltrading.ee\/en\/wp-json\/wp\/v2\/media?parent=5417"}],"wp:term":[{"taxonomy":"product_brand","embeddable":true,"href":"https:\/\/arioltrading.ee\/en\/wp-json\/wp\/v2\/product_brand?post=5417"},{"taxonomy":"product_cat","embeddable":true,"href":"https:\/\/arioltrading.ee\/en\/wp-json\/wp\/v2\/product_cat?post=5417"},{"taxonomy":"product_tag","embeddable":true,"href":"https:\/\/arioltrading.ee\/en\/wp-json\/wp\/v2\/product_tag?post=5417"}],"curies":[{"name":"wp","href":"https:\/\/api.w.org\/{rel}","templated":true}]}}