{"id":5351,"date":"2025-03-05T13:33:55","date_gmt":"2025-03-05T13:33:55","guid":{"rendered":"https:\/\/arioltrading.ee\/?post_type=product&#038;p=5351"},"modified":"2026-03-10T08:40:12","modified_gmt":"2026-03-10T08:40:12","slug":"j002-c3-reed","status":"publish","type":"product","link":"https:\/\/arioltrading.ee\/en\/product\/j002-c3-reed\/","title":{"rendered":"Valmisprillid plastik 002.C3 punakas."},"content":{"rendered":"<p>Lugemisprillid \u2013 Mudel 002.C3:<br \/>\n1.Type: plastic<br \/>\n2. Kellele: universaal<br \/>\n3. Pupil distance(PD):62-63mm<br \/>\n4. Klaasitugevused: +0.50\u2026 +3.00 (tugevuse vahe 0.25 dpt)<br \/>\n5. Erinevad v\u00e4rvid<br \/>\n6. Tootja: Ariol Trading O\u00dc<\/p>","protected":false},"excerpt":{"rendered":"<p>Reading glasses<\/p>\n<p>Soovitud v\u00e4rvi puudumisel v\u00f5etakse Teiega \u00fchendust, et pakkuda asenduseks teist v\u00e4rvi.<\/p>","protected":false},"featured_media":5344,"template":"","meta":[],"product_brand":[],"product_cat":[26],"product_tag":[],"class_list":{"0":"post-5351","1":"product","2":"type-product","3":"status-publish","4":"has-post-thumbnail","6":"product_cat-meeste","8":"first","9":"instock","10":"taxable","11":"shipping-taxable","12":"purchasable","13":"product-type-variable"},"_links":{"self":[{"href":"https:\/\/arioltrading.ee\/en\/wp-json\/wp\/v2\/product\/5351","targetHints":{"allow":["GET"]}}],"collection":[{"href":"https:\/\/arioltrading.ee\/en\/wp-json\/wp\/v2\/product"}],"about":[{"href":"https:\/\/arioltrading.ee\/en\/wp-json\/wp\/v2\/types\/product"}],"wp:featuredmedia":[{"embeddable":true,"href":"https:\/\/arioltrading.ee\/en\/wp-json\/wp\/v2\/media\/5344"}],"wp:attachment":[{"href":"https:\/\/arioltrading.ee\/en\/wp-json\/wp\/v2\/media?parent=5351"}],"wp:term":[{"taxonomy":"product_brand","embeddable":true,"href":"https:\/\/arioltrading.ee\/en\/wp-json\/wp\/v2\/product_brand?post=5351"},{"taxonomy":"product_cat","embeddable":true,"href":"https:\/\/arioltrading.ee\/en\/wp-json\/wp\/v2\/product_cat?post=5351"},{"taxonomy":"product_tag","embeddable":true,"href":"https:\/\/arioltrading.ee\/en\/wp-json\/wp\/v2\/product_tag?post=5351"}],"curies":[{"name":"wp","href":"https:\/\/api.w.org\/{rel}","templated":true}]}}