{"id":5349,"date":"2025-03-05T13:29:49","date_gmt":"2025-03-05T13:29:49","guid":{"rendered":"https:\/\/arioltrading.ee\/?post_type=product&#038;p=5349"},"modified":"2026-03-10T08:40:25","modified_gmt":"2026-03-10T08:40:25","slug":"j002-c2-hall","status":"publish","type":"product","link":"https:\/\/arioltrading.ee\/en\/product\/j002-c2-hall\/","title":{"rendered":"Valmisprillid plastik 002 C2.hall"},"content":{"rendered":"<p>Lugemisprillid \u2013 Mudel 002.C2:<br \/>\n1.Type: plastic<br \/>\n2. Kellele: universaal<br \/>\n3. Pupil distance(PD):62-63mm<br \/>\n4. Klaasitugevused: +0.50\u2026 +3.00 (tugevuse vahe 0.25 dpt)<br \/>\n5. Erinevad v\u00e4rvid<br \/>\n6. Tootja: Ariol Trading O\u00dc<\/p>","protected":false},"excerpt":{"rendered":"<p>Reading glasses<\/p>\n<p>Soovitud v\u00e4rvi puudumisel v\u00f5etakse Teiega \u00fchendust, et pakkuda asenduseks teist v\u00e4rvi.<\/p>","protected":false},"featured_media":5343,"template":"","meta":[],"product_brand":[],"product_cat":[26],"product_tag":[],"class_list":{"0":"post-5349","1":"product","2":"type-product","3":"status-publish","4":"has-post-thumbnail","6":"product_cat-meeste","8":"first","9":"instock","10":"taxable","11":"shipping-taxable","12":"purchasable","13":"product-type-variable"},"_links":{"self":[{"href":"https:\/\/arioltrading.ee\/en\/wp-json\/wp\/v2\/product\/5349","targetHints":{"allow":["GET"]}}],"collection":[{"href":"https:\/\/arioltrading.ee\/en\/wp-json\/wp\/v2\/product"}],"about":[{"href":"https:\/\/arioltrading.ee\/en\/wp-json\/wp\/v2\/types\/product"}],"wp:featuredmedia":[{"embeddable":true,"href":"https:\/\/arioltrading.ee\/en\/wp-json\/wp\/v2\/media\/5343"}],"wp:attachment":[{"href":"https:\/\/arioltrading.ee\/en\/wp-json\/wp\/v2\/media?parent=5349"}],"wp:term":[{"taxonomy":"product_brand","embeddable":true,"href":"https:\/\/arioltrading.ee\/en\/wp-json\/wp\/v2\/product_brand?post=5349"},{"taxonomy":"product_cat","embeddable":true,"href":"https:\/\/arioltrading.ee\/en\/wp-json\/wp\/v2\/product_cat?post=5349"},{"taxonomy":"product_tag","embeddable":true,"href":"https:\/\/arioltrading.ee\/en\/wp-json\/wp\/v2\/product_tag?post=5349"}],"curies":[{"name":"wp","href":"https:\/\/api.w.org\/{rel}","templated":true}]}}