{"id":503,"date":"2023-02-27T09:13:49","date_gmt":"2023-02-27T09:13:49","guid":{"rendered":"https:\/\/new.arioltrading.ee\/?post_type=product&#038;p=503"},"modified":"2026-03-10T09:34:19","modified_gmt":"2026-03-10T09:34:19","slug":"lugemisprillid-mudel-2683-4","status":"publish","type":"product","link":"https:\/\/arioltrading.ee\/en\/product\/lugemisprillid-mudel-2683-4\/","title":{"rendered":"READING GLASSES<br><p><span style=\"font-weight:normal\">Model 2683"},"content":{"rendered":"<p>Reading glasses- Model 2683<br \/>\n1. Type: metal<br \/>\n2. Sex: universal<br \/>\n3. Pupil distance(PD):63-64mm<br \/>\n4. Suurus: ~52-19-135mm<br \/>\n5. Klaasitugevused: +0.50, +0.75, +4.00 (tugevuse vahe 0.25 dpt), +4.50, +5.00 dpt .<br \/>\n6. Mixed colors<br \/>\n7. Manufacturer: Ariol Trading O\u00dc<\/p>\n<p>From power +4.50, the price of ready glasses is \u20ac23.99<\/p>","protected":false},"excerpt":{"rendered":"<p>Metal reading glasses<\/p>\n<p>Soovitud v\u00e4rvi puudumisel, pakume asenduseks teist v\u00e4rvi. Valitud v\u00e4rvi puudumisel v\u00f5etakse Teiega \u00fchendust.<\/p>","protected":false},"featured_media":3496,"template":"","meta":[],"product_brand":[],"product_cat":[218,164],"product_tag":[],"class_list":{"0":"post-503","1":"product","2":"type-product","3":"status-publish","4":"has-post-thumbnail","6":"product_cat-soodus","7":"product_cat-valmisprillid-metall-2","9":"first","10":"instock","11":"taxable","12":"shipping-taxable","13":"purchasable","14":"product-type-variable"},"_links":{"self":[{"href":"https:\/\/arioltrading.ee\/en\/wp-json\/wp\/v2\/product\/503","targetHints":{"allow":["GET"]}}],"collection":[{"href":"https:\/\/arioltrading.ee\/en\/wp-json\/wp\/v2\/product"}],"about":[{"href":"https:\/\/arioltrading.ee\/en\/wp-json\/wp\/v2\/types\/product"}],"wp:featuredmedia":[{"embeddable":true,"href":"https:\/\/arioltrading.ee\/en\/wp-json\/wp\/v2\/media\/3496"}],"wp:attachment":[{"href":"https:\/\/arioltrading.ee\/en\/wp-json\/wp\/v2\/media?parent=503"}],"wp:term":[{"taxonomy":"product_brand","embeddable":true,"href":"https:\/\/arioltrading.ee\/en\/wp-json\/wp\/v2\/product_brand?post=503"},{"taxonomy":"product_cat","embeddable":true,"href":"https:\/\/arioltrading.ee\/en\/wp-json\/wp\/v2\/product_cat?post=503"},{"taxonomy":"product_tag","embeddable":true,"href":"https:\/\/arioltrading.ee\/en\/wp-json\/wp\/v2\/product_tag?post=503"}],"curies":[{"name":"wp","href":"https:\/\/api.w.org\/{rel}","templated":true}]}}