{"id":4808,"date":"2024-11-22T13:41:36","date_gmt":"2024-11-22T13:41:36","guid":{"rendered":"https:\/\/arioltrading.ee\/?post_type=product&#038;p=4808"},"modified":"2025-10-09T10:24:51","modified_gmt":"2025-10-09T10:24:51","slug":"lugemisprillid-31005-c-5","status":"publish","type":"product","link":"https:\/\/arioltrading.ee\/en\/product\/lugemisprillid-31005-c-5\/","title":{"rendered":"Lugemisprillid metall 31005.C5 sinine"},"content":{"rendered":"<p>Lugemisprillid \u2013 Mudel 31005.C5;<br \/>\n1. Type: metal<br \/>\n2. Sex: universal<br \/>\n3. Pupil distance(PD):63mm<br \/>\n4.Size: ~53-18-140mm<br \/>\n5. Klaasitugevused: +1.00\u2026+4.00 dpt (tugevuse vahe 0.25 dpt).<br \/>\n6. Mixed colors<br \/>\n7. Manufacturer: Ariol Trading O\u00dc<\/p>\n<p>&nbsp;<\/p>","protected":false},"excerpt":{"rendered":"<p>Metallraamiga lugemisprill.<\/p>\n<p>Soovitud v\u00e4rvi puudumisel, pakume asenduseks teist v\u00e4rvi. Valitud v\u00e4rvi puudumisel v\u00f5etakse Teiega \u00fchendust<\/p>","protected":false},"featured_media":4805,"template":"","meta":[],"product_brand":[],"product_cat":[164],"product_tag":[],"class_list":{"0":"post-4808","1":"product","2":"type-product","3":"status-publish","4":"has-post-thumbnail","6":"product_cat-valmisprillid-metall-2","8":"first","9":"instock","10":"taxable","11":"shipping-taxable","12":"purchasable","13":"product-type-variable"},"_links":{"self":[{"href":"https:\/\/arioltrading.ee\/en\/wp-json\/wp\/v2\/product\/4808","targetHints":{"allow":["GET"]}}],"collection":[{"href":"https:\/\/arioltrading.ee\/en\/wp-json\/wp\/v2\/product"}],"about":[{"href":"https:\/\/arioltrading.ee\/en\/wp-json\/wp\/v2\/types\/product"}],"wp:featuredmedia":[{"embeddable":true,"href":"https:\/\/arioltrading.ee\/en\/wp-json\/wp\/v2\/media\/4805"}],"wp:attachment":[{"href":"https:\/\/arioltrading.ee\/en\/wp-json\/wp\/v2\/media?parent=4808"}],"wp:term":[{"taxonomy":"product_brand","embeddable":true,"href":"https:\/\/arioltrading.ee\/en\/wp-json\/wp\/v2\/product_brand?post=4808"},{"taxonomy":"product_cat","embeddable":true,"href":"https:\/\/arioltrading.ee\/en\/wp-json\/wp\/v2\/product_cat?post=4808"},{"taxonomy":"product_tag","embeddable":true,"href":"https:\/\/arioltrading.ee\/en\/wp-json\/wp\/v2\/product_tag?post=4808"}],"curies":[{"name":"wp","href":"https:\/\/api.w.org\/{rel}","templated":true}]}}