{"id":4618,"date":"2024-11-18T07:32:19","date_gmt":"2024-11-18T07:32:19","guid":{"rendered":"https:\/\/arioltrading.ee\/?post_type=product&#038;p=4618"},"modified":"2025-10-09T11:24:36","modified_gmt":"2025-10-09T11:24:36","slug":"lugemisprillid-metall-019-c5","status":"publish","type":"product","link":"https:\/\/arioltrading.ee\/en\/product\/lugemisprillid-metall-019-c5\/","title":{"rendered":"Lugemisprillid metall 019.C5 punane"},"content":{"rendered":"<p>Lugemisprillid \u2013 Mudel 019.C5;<br \/>\n1. Type: metal<br \/>\n2. Sex: female<br \/>\n3. Pupil distance(PD):62-63mm<br \/>\n4. Suurus: 52-19-140 mm<br \/>\n5. Klaasitugevused: +1.00&#8230; +4.00 dpt (tugevuse vahe 0.25 dpt).<br \/>\n6. Mixed colors<br \/>\n7. Manufacturer: Ariol Trading O\u00dc<\/p>","protected":false},"excerpt":{"rendered":"<p>Naiste metallraamiga lugemisprill.<\/p>\n<p>Soovitud v\u00e4rvi puudumisel, pakume asenduseks teist v\u00e4rvi. Valitud v\u00e4rvi puudumisel v\u00f5etakse Teiega \u00fchendust.<\/p>","protected":false},"featured_media":4619,"template":"","meta":[],"product_brand":[],"product_cat":[164],"product_tag":[],"class_list":{"0":"post-4618","1":"product","2":"type-product","3":"status-publish","4":"has-post-thumbnail","6":"product_cat-valmisprillid-metall-2","8":"first","9":"instock","10":"taxable","11":"shipping-taxable","12":"purchasable","13":"product-type-variable"},"_links":{"self":[{"href":"https:\/\/arioltrading.ee\/en\/wp-json\/wp\/v2\/product\/4618","targetHints":{"allow":["GET"]}}],"collection":[{"href":"https:\/\/arioltrading.ee\/en\/wp-json\/wp\/v2\/product"}],"about":[{"href":"https:\/\/arioltrading.ee\/en\/wp-json\/wp\/v2\/types\/product"}],"wp:featuredmedia":[{"embeddable":true,"href":"https:\/\/arioltrading.ee\/en\/wp-json\/wp\/v2\/media\/4619"}],"wp:attachment":[{"href":"https:\/\/arioltrading.ee\/en\/wp-json\/wp\/v2\/media?parent=4618"}],"wp:term":[{"taxonomy":"product_brand","embeddable":true,"href":"https:\/\/arioltrading.ee\/en\/wp-json\/wp\/v2\/product_brand?post=4618"},{"taxonomy":"product_cat","embeddable":true,"href":"https:\/\/arioltrading.ee\/en\/wp-json\/wp\/v2\/product_cat?post=4618"},{"taxonomy":"product_tag","embeddable":true,"href":"https:\/\/arioltrading.ee\/en\/wp-json\/wp\/v2\/product_tag?post=4618"}],"curies":[{"name":"wp","href":"https:\/\/api.w.org\/{rel}","templated":true}]}}