{"id":429,"date":"2023-02-26T22:53:14","date_gmt":"2023-02-26T22:53:14","guid":{"rendered":"https:\/\/new.arioltrading.ee\/?post_type=product&#038;p=429"},"modified":"2025-03-13T08:09:30","modified_gmt":"2025-03-13T08:09:30","slug":"lugemisprillid-mudel-92262-2","status":"publish","type":"product","link":"https:\/\/arioltrading.ee\/en\/product\/lugemisprillid-mudel-92262-2\/","title":{"rendered":"READING GLASSES <br><p><span style=\"font-weight:normal\">Model 92262"},"content":{"rendered":"<p>Reading glasses- Model 92262<br \/>\n1.Type: plastic<br \/>\n2. Sex: universal<br \/>\n3. Pupil distance(PD):62-63mm<br \/>\n4.Size: ~53-16-135mm<br \/>\n5. Power:  +0.75, +5.00, +5.50, +6.00 dpt (power interval 0.25 dpt)<br \/>\n6. Mixed colors<br \/>\n7. Manufacturer: Ariol Trading O\u00dc<\/p>\n<p>From power +4.50, the price of ready glasses is \u20ac23.99<\/p>","protected":false},"excerpt":{"rendered":"<p>Reading glasses for women<\/p>\n<p>Soovitud v\u00e4rvi puudumisel, pakume asenduseks teist v\u00e4rvi. Valitud v\u00e4rvi puudumisel v\u00f5etakse Teiega \u00fchendust.S<\/p>","protected":false},"featured_media":3324,"template":"","meta":[],"product_brand":[],"product_cat":[159,162],"product_tag":[],"class_list":{"0":"post-429","1":"product","2":"type-product","3":"status-publish","4":"has-post-thumbnail","6":"product_cat-pluss-valmisprillid","7":"product_cat-valmisprillid","9":"first","10":"instock","11":"taxable","12":"shipping-taxable","13":"purchasable","14":"product-type-variable"},"_links":{"self":[{"href":"https:\/\/arioltrading.ee\/en\/wp-json\/wp\/v2\/product\/429","targetHints":{"allow":["GET"]}}],"collection":[{"href":"https:\/\/arioltrading.ee\/en\/wp-json\/wp\/v2\/product"}],"about":[{"href":"https:\/\/arioltrading.ee\/en\/wp-json\/wp\/v2\/types\/product"}],"wp:featuredmedia":[{"embeddable":true,"href":"https:\/\/arioltrading.ee\/en\/wp-json\/wp\/v2\/media\/3324"}],"wp:attachment":[{"href":"https:\/\/arioltrading.ee\/en\/wp-json\/wp\/v2\/media?parent=429"}],"wp:term":[{"taxonomy":"product_brand","embeddable":true,"href":"https:\/\/arioltrading.ee\/en\/wp-json\/wp\/v2\/product_brand?post=429"},{"taxonomy":"product_cat","embeddable":true,"href":"https:\/\/arioltrading.ee\/en\/wp-json\/wp\/v2\/product_cat?post=429"},{"taxonomy":"product_tag","embeddable":true,"href":"https:\/\/arioltrading.ee\/en\/wp-json\/wp\/v2\/product_tag?post=429"}],"curies":[{"name":"wp","href":"https:\/\/api.w.org\/{rel}","templated":true}]}}