{"id":3974,"date":"2024-10-11T09:43:02","date_gmt":"2024-10-11T09:43:02","guid":{"rendered":"https:\/\/arioltrading.ee\/?post_type=product&#038;p=3974"},"modified":"2026-03-30T06:19:32","modified_gmt":"2026-03-30T06:19:32","slug":"lugemisprillid-92089-c2","status":"publish","type":"product","link":"https:\/\/arioltrading.ee\/en\/product\/lugemisprillid-92089-c2\/","title":{"rendered":"Valmisprillid plastik 92089.C2 helehall"},"content":{"rendered":"<p>Lugemisprillid \u2013 Mudel 92089.C2:<br \/>\n1.Type: plastic<br \/>\n2. Kellele: universaal<br \/>\n3. Pupil distance(PD):62-63mm<br \/>\n4.Size: 54-18-140mm<br \/>\n5. Klaasitugevused: +0.50\u2026 +4.00 (tugevuse vahe 0.25 dpt); +4.50 ; +5.00; +5.50; +6.00 dpt<br \/>\n6. Mixed colors<br \/>\n7. Manufacturer: Ariol Trading O\u00dc<\/p>\n<p>&nbsp;<\/p>","protected":false},"excerpt":{"rendered":"<p>Reading glasses<\/p>\n<p>Soovitud v\u00e4rvi puudumisel v\u00f5etakse Teiega \u00fchendust, et pakkuda asenduseks teist v\u00e4rvi.<\/p>","protected":false},"featured_media":3975,"template":"","meta":[],"product_brand":[],"product_cat":[26],"product_tag":[],"class_list":{"0":"post-3974","1":"product","2":"type-product","3":"status-publish","4":"has-post-thumbnail","6":"product_cat-meeste","8":"first","9":"instock","10":"taxable","11":"shipping-taxable","12":"purchasable","13":"product-type-variable"},"_links":{"self":[{"href":"https:\/\/arioltrading.ee\/en\/wp-json\/wp\/v2\/product\/3974","targetHints":{"allow":["GET"]}}],"collection":[{"href":"https:\/\/arioltrading.ee\/en\/wp-json\/wp\/v2\/product"}],"about":[{"href":"https:\/\/arioltrading.ee\/en\/wp-json\/wp\/v2\/types\/product"}],"wp:featuredmedia":[{"embeddable":true,"href":"https:\/\/arioltrading.ee\/en\/wp-json\/wp\/v2\/media\/3975"}],"wp:attachment":[{"href":"https:\/\/arioltrading.ee\/en\/wp-json\/wp\/v2\/media?parent=3974"}],"wp:term":[{"taxonomy":"product_brand","embeddable":true,"href":"https:\/\/arioltrading.ee\/en\/wp-json\/wp\/v2\/product_brand?post=3974"},{"taxonomy":"product_cat","embeddable":true,"href":"https:\/\/arioltrading.ee\/en\/wp-json\/wp\/v2\/product_cat?post=3974"},{"taxonomy":"product_tag","embeddable":true,"href":"https:\/\/arioltrading.ee\/en\/wp-json\/wp\/v2\/product_tag?post=3974"}],"curies":[{"name":"wp","href":"https:\/\/api.w.org\/{rel}","templated":true}]}}