{"id":3918,"date":"2024-10-10T08:00:44","date_gmt":"2024-10-10T08:00:44","guid":{"rendered":"https:\/\/arioltrading.ee\/?post_type=product&#038;p=3918"},"modified":"2026-03-30T06:20:42","modified_gmt":"2026-03-30T06:20:42","slug":"lugemisprill-plastik-92266-c2","status":"publish","type":"product","link":"https:\/\/arioltrading.ee\/en\/product\/lugemisprill-plastik-92266-c2\/","title":{"rendered":"Valmisprillid plastik 92266.C3 sinine"},"content":{"rendered":"<p>Lugemisprillid \u2013 Mudel 92266.C3:<br \/>\n1.Type: plastic<br \/>\n2- Sex: female<br \/>\n3. Pupil distance(PD):63\/64mm<br \/>\n4. Suurus: 50-18-140mm<br \/>\n5. Klaasitugevused:\u00a0 +1.00\u2026 + 4.00 dpt (tugevuse vahe 0.25 dpt)<br \/>\n6. Mixed colors<br \/>\n7. Manufacturer: Ariol Trading O\u00dc<\/p>","protected":false},"excerpt":{"rendered":"<p>Reading glasses<\/p>\n<p>Soovitud v\u00e4rvi puudumisel, pakume asenduseks teist v\u00e4rvi. Valitud v\u00e4rvi puudumisel v\u00f5etakse Teiega \u00fchendust.<\/p>","protected":false},"featured_media":3921,"template":"","meta":[],"product_brand":[],"product_cat":[26],"product_tag":[],"class_list":{"0":"post-3918","1":"product","2":"type-product","3":"status-publish","4":"has-post-thumbnail","6":"product_cat-meeste","8":"first","9":"instock","10":"taxable","11":"shipping-taxable","12":"purchasable","13":"product-type-variable"},"_links":{"self":[{"href":"https:\/\/arioltrading.ee\/en\/wp-json\/wp\/v2\/product\/3918","targetHints":{"allow":["GET"]}}],"collection":[{"href":"https:\/\/arioltrading.ee\/en\/wp-json\/wp\/v2\/product"}],"about":[{"href":"https:\/\/arioltrading.ee\/en\/wp-json\/wp\/v2\/types\/product"}],"wp:featuredmedia":[{"embeddable":true,"href":"https:\/\/arioltrading.ee\/en\/wp-json\/wp\/v2\/media\/3921"}],"wp:attachment":[{"href":"https:\/\/arioltrading.ee\/en\/wp-json\/wp\/v2\/media?parent=3918"}],"wp:term":[{"taxonomy":"product_brand","embeddable":true,"href":"https:\/\/arioltrading.ee\/en\/wp-json\/wp\/v2\/product_brand?post=3918"},{"taxonomy":"product_cat","embeddable":true,"href":"https:\/\/arioltrading.ee\/en\/wp-json\/wp\/v2\/product_cat?post=3918"},{"taxonomy":"product_tag","embeddable":true,"href":"https:\/\/arioltrading.ee\/en\/wp-json\/wp\/v2\/product_tag?post=3918"}],"curies":[{"name":"wp","href":"https:\/\/api.w.org\/{rel}","templated":true}]}}