{"id":3614,"date":"2024-04-16T11:34:34","date_gmt":"2024-04-16T11:34:34","guid":{"rendered":"https:\/\/new.arioltrading.ee\/?post_type=product&#038;p=3614"},"modified":"2024-11-22T12:07:50","modified_gmt":"2024-11-22T12:07:50","slug":"paikeseprillid-mudel-p31236","status":"publish","type":"product","link":"https:\/\/arioltrading.ee\/en\/product\/paikeseprillid-mudel-p31236\/","title":{"rendered":"SUNGLASSES <br><p><span style=\"font-weight:normal\">Model P31236"},"content":{"rendered":"<p>Sunglasses model P31236<\/p>\n<p>1. Men sunglasses<br \/>\n2. Material: Plastic<br \/>\n3. Darkness: Cat3<br \/>\n4. UV 400<\/p>\n<p>Size<br \/>\nA= ~143 mm the width of the frame (Front view)<br \/>\nB= ~19 mm width of the gap between the two lenses (bridge gap)<br \/>\nC= ~47 mm frame height<br \/>\nD= ~50mm diagonal length of the lens<br \/>\nE= ~140mm length of the frame handle<\/p>\n<p><img loading=\"lazy\" decoding=\"async\" class=\"alignnone wp-image-3793\" style=\"font-size: 1rem;\" src=\"https:\/\/arioltrading.ee\/wp-content\/uploads\/2024\/04\/eLetU9wtHJ.png\" alt=\"\" width=\"274\" height=\"236\" srcset=\"https:\/\/arioltrading.ee\/wp-content\/uploads\/2024\/04\/eLetU9wtHJ.png 489w, https:\/\/arioltrading.ee\/wp-content\/uploads\/2024\/04\/eLetU9wtHJ-14x12.png 14w\" sizes=\"auto, (max-width: 274px) 100vw, 274px\" \/><\/p>","protected":false},"excerpt":{"rendered":"<p>P\u00e4ikeseprillid Mudel P31236 1. Meeste p\u00e4ikeseprillid 2. Materjal: Plastik 3. Kategooria tumedus: Cat 3 4. UV 400 M\u00f5\u00f5dud: A= ~143 mm prilliraami laius (eest vaade) B= ~19 mm prilliraami kahe ava vahe laius (nina vahe) C= ~47 mm prilliraami k\u00f5rgus D= ~50 mm prilliraami diagonaali ava pikkus E= ~140 mm prilliraami sanga pikkus<\/p>","protected":false},"featured_media":3620,"template":"","meta":[],"product_brand":[],"product_cat":[203],"product_tag":[],"class_list":{"0":"post-3614","1":"product","2":"type-product","3":"status-publish","4":"has-post-thumbnail","6":"product_cat-paikseprillid","8":"first","9":"instock","10":"taxable","11":"shipping-taxable","12":"purchasable","13":"product-type-simple"},"_links":{"self":[{"href":"https:\/\/arioltrading.ee\/en\/wp-json\/wp\/v2\/product\/3614","targetHints":{"allow":["GET"]}}],"collection":[{"href":"https:\/\/arioltrading.ee\/en\/wp-json\/wp\/v2\/product"}],"about":[{"href":"https:\/\/arioltrading.ee\/en\/wp-json\/wp\/v2\/types\/product"}],"wp:featuredmedia":[{"embeddable":true,"href":"https:\/\/arioltrading.ee\/en\/wp-json\/wp\/v2\/media\/3620"}],"wp:attachment":[{"href":"https:\/\/arioltrading.ee\/en\/wp-json\/wp\/v2\/media?parent=3614"}],"wp:term":[{"taxonomy":"product_brand","embeddable":true,"href":"https:\/\/arioltrading.ee\/en\/wp-json\/wp\/v2\/product_brand?post=3614"},{"taxonomy":"product_cat","embeddable":true,"href":"https:\/\/arioltrading.ee\/en\/wp-json\/wp\/v2\/product_cat?post=3614"},{"taxonomy":"product_tag","embeddable":true,"href":"https:\/\/arioltrading.ee\/en\/wp-json\/wp\/v2\/product_tag?post=3614"}],"curies":[{"name":"wp","href":"https:\/\/api.w.org\/{rel}","templated":true}]}}