{"id":3005,"date":"2024-03-06T08:36:19","date_gmt":"2024-03-06T08:36:19","guid":{"rendered":"https:\/\/new.arioltrading.ee\/?post_type=product&#038;p=3005"},"modified":"2026-03-10T08:54:11","modified_gmt":"2026-03-10T08:54:11","slug":"miinusprill-mudel-m2020","status":"publish","type":"product","link":"https:\/\/arioltrading.ee\/en\/product\/miinusprill-mudel-m2020\/","title":{"rendered":"Miinusprillid plastik 2020.C3"},"content":{"rendered":"<p>Miinusprillid mudel M2020SC19.C1<br \/>\n1.Type: plastic<br \/>\n2. Sex: universal<br \/>\n3. Pupil distance(PD):63-64mm<br \/>\n4. Suurus: 54-18-141 mm<br \/>\n5. Klaasitugevused: -1.00&#8230; -3.00 (tugevuse vahe 0.25 dpt); -3.50 dpt<br \/>\n6. Mixed colors<br \/>\n7. Lenses: Blue UV<br \/>\n8. Manufacturer: Ariol Trading O\u00dc<\/p>","protected":false},"excerpt":{"rendered":"<p>Sinise valguse ja UV kaitsega plastik miinusprillid.<\/p>\n<p>Soovitud v\u00e4rvi puudumisel, pakume asenduseks teist v\u00e4rvi. Valitud v\u00e4rvi puudumisel v\u00f5etakse Teiega \u00fchendust.<\/p>","protected":false},"featured_media":3557,"template":"","meta":[],"product_brand":[],"product_cat":[160],"product_tag":[],"class_list":{"0":"post-3005","1":"product","2":"type-product","3":"status-publish","4":"has-post-thumbnail","6":"product_cat-miinus-valmisprillid","8":"first","9":"instock","10":"taxable","11":"shipping-taxable","12":"purchasable","13":"product-type-variable"},"_links":{"self":[{"href":"https:\/\/arioltrading.ee\/en\/wp-json\/wp\/v2\/product\/3005","targetHints":{"allow":["GET"]}}],"collection":[{"href":"https:\/\/arioltrading.ee\/en\/wp-json\/wp\/v2\/product"}],"about":[{"href":"https:\/\/arioltrading.ee\/en\/wp-json\/wp\/v2\/types\/product"}],"wp:featuredmedia":[{"embeddable":true,"href":"https:\/\/arioltrading.ee\/en\/wp-json\/wp\/v2\/media\/3557"}],"wp:attachment":[{"href":"https:\/\/arioltrading.ee\/en\/wp-json\/wp\/v2\/media?parent=3005"}],"wp:term":[{"taxonomy":"product_brand","embeddable":true,"href":"https:\/\/arioltrading.ee\/en\/wp-json\/wp\/v2\/product_brand?post=3005"},{"taxonomy":"product_cat","embeddable":true,"href":"https:\/\/arioltrading.ee\/en\/wp-json\/wp\/v2\/product_cat?post=3005"},{"taxonomy":"product_tag","embeddable":true,"href":"https:\/\/arioltrading.ee\/en\/wp-json\/wp\/v2\/product_tag?post=3005"}],"curies":[{"name":"wp","href":"https:\/\/api.w.org\/{rel}","templated":true}]}}