{"id":2842,"date":"2024-03-01T13:43:27","date_gmt":"2024-03-01T13:43:27","guid":{"rendered":"https:\/\/new.arioltrading.ee\/?post_type=product&#038;p=2842"},"modified":"2026-03-31T07:39:18","modified_gmt":"2026-03-31T07:39:18","slug":"lugemisprill-mudel-8592","status":"publish","type":"product","link":"https:\/\/arioltrading.ee\/en\/product\/lugemisprill-mudel-8592\/","title":{"rendered":"Valmisprillid plastik     Mudel 8592"},"content":{"rendered":"<p>Reading glasses- Model 8592<br \/>\n1.Type: plastic<br \/>\n2. Sex: universal<br \/>\n3. Pupil distance(PD):63\/64mm<br \/>\n4.Size: 54-18-140mm<br \/>\n5. Power: +0.50, +0.75, +1.00, +5.50 dpt (power interval 0.25 dpt)<br \/>\n6. Mixed colors<br \/>\n7. Manufacturer: Ariol Trading O\u00dc<\/p>\n<p>&nbsp;<\/p>","protected":false},"excerpt":{"rendered":"<p>Reading glasses<\/p>\n<p>Soovitud v\u00e4rvi puudumisel, pakume asenduseks teist v\u00e4rvi. Valitud v\u00e4rvi puudumisel v\u00f5etakse Teiega \u00fchendust.<\/p>","protected":false},"featured_media":3404,"template":"","meta":[],"product_brand":[],"product_cat":[26],"product_tag":[],"class_list":{"0":"post-2842","1":"product","2":"type-product","3":"status-publish","4":"has-post-thumbnail","6":"product_cat-meeste","8":"first","9":"instock","10":"taxable","11":"shipping-taxable","12":"purchasable","13":"product-type-variable"},"_links":{"self":[{"href":"https:\/\/arioltrading.ee\/en\/wp-json\/wp\/v2\/product\/2842","targetHints":{"allow":["GET"]}}],"collection":[{"href":"https:\/\/arioltrading.ee\/en\/wp-json\/wp\/v2\/product"}],"about":[{"href":"https:\/\/arioltrading.ee\/en\/wp-json\/wp\/v2\/types\/product"}],"wp:featuredmedia":[{"embeddable":true,"href":"https:\/\/arioltrading.ee\/en\/wp-json\/wp\/v2\/media\/3404"}],"wp:attachment":[{"href":"https:\/\/arioltrading.ee\/en\/wp-json\/wp\/v2\/media?parent=2842"}],"wp:term":[{"taxonomy":"product_brand","embeddable":true,"href":"https:\/\/arioltrading.ee\/en\/wp-json\/wp\/v2\/product_brand?post=2842"},{"taxonomy":"product_cat","embeddable":true,"href":"https:\/\/arioltrading.ee\/en\/wp-json\/wp\/v2\/product_cat?post=2842"},{"taxonomy":"product_tag","embeddable":true,"href":"https:\/\/arioltrading.ee\/en\/wp-json\/wp\/v2\/product_tag?post=2842"}],"curies":[{"name":"wp","href":"https:\/\/api.w.org\/{rel}","templated":true}]}}