{"id":260,"date":"2023-02-23T19:01:43","date_gmt":"2023-02-23T19:01:43","guid":{"rendered":"https:\/\/new.arioltrading.ee\/?post_type=product&#038;p=260"},"modified":"2025-08-08T10:10:17","modified_gmt":"2025-08-08T10:10:17","slug":"lugemisprillid-mudel-2049","status":"publish","type":"product","link":"https:\/\/arioltrading.ee\/en\/product\/lugemisprillid-mudel-2049\/","title":{"rendered":"Miinusprillid plastik 2049.C2 lilla"},"content":{"rendered":"<p>Miinusprillid Mudel 2049.C2:<br \/>\n1.Type: plastic<br \/>\n2. Sex: universal<br \/>\n3. Pupil distance(PD):63mm<br \/>\n4.Size: 54-18-140mm<br \/>\n5. Klaasitugevused: -2.25, -2.75 -3.50 dpt<br \/>\n6. Mixed colors<br \/>\n7. Manufacturer: Ariol Trading O\u00dc<\/p>\n<p>&nbsp;<\/p>","protected":false},"excerpt":{"rendered":"<p>Minus ready glasses<\/p>\n<p>Soovitud v\u00e4rvi puudumisel, pakume asenduseks teist v\u00e4rvi. Valitud v\u00e4rvi puudumisel v\u00f5etakse Teiega \u00fchendust.<\/p>","protected":false},"featured_media":3555,"template":"","meta":[],"product_brand":[],"product_cat":[160,162],"product_tag":[],"class_list":{"0":"post-260","1":"product","2":"type-product","3":"status-publish","4":"has-post-thumbnail","6":"product_cat-miinus-valmisprillid","7":"product_cat-valmisprillid","9":"first","10":"instock","11":"taxable","12":"shipping-taxable","13":"purchasable","14":"product-type-variable"},"_links":{"self":[{"href":"https:\/\/arioltrading.ee\/en\/wp-json\/wp\/v2\/product\/260","targetHints":{"allow":["GET"]}}],"collection":[{"href":"https:\/\/arioltrading.ee\/en\/wp-json\/wp\/v2\/product"}],"about":[{"href":"https:\/\/arioltrading.ee\/en\/wp-json\/wp\/v2\/types\/product"}],"wp:featuredmedia":[{"embeddable":true,"href":"https:\/\/arioltrading.ee\/en\/wp-json\/wp\/v2\/media\/3555"}],"wp:attachment":[{"href":"https:\/\/arioltrading.ee\/en\/wp-json\/wp\/v2\/media?parent=260"}],"wp:term":[{"taxonomy":"product_brand","embeddable":true,"href":"https:\/\/arioltrading.ee\/en\/wp-json\/wp\/v2\/product_brand?post=260"},{"taxonomy":"product_cat","embeddable":true,"href":"https:\/\/arioltrading.ee\/en\/wp-json\/wp\/v2\/product_cat?post=260"},{"taxonomy":"product_tag","embeddable":true,"href":"https:\/\/arioltrading.ee\/en\/wp-json\/wp\/v2\/product_tag?post=260"}],"curies":[{"name":"wp","href":"https:\/\/api.w.org\/{rel}","templated":true}]}}