{"id":244,"date":"2023-02-23T18:44:11","date_gmt":"2023-02-23T18:44:11","guid":{"rendered":"https:\/\/new.arioltrading.ee\/?post_type=product&#038;p=244"},"modified":"2025-03-12T09:23:13","modified_gmt":"2025-03-12T09:23:13","slug":"lugemisprillid-blue-uv-mudel-2020-19","status":"publish","type":"product","link":"https:\/\/arioltrading.ee\/en\/product\/lugemisprillid-blue-uv-mudel-2020-19\/","title":{"rendered":"MIINUSPRILL Blue UV, Mudel M2020\/19.C1"},"content":{"rendered":"<p>Miinusprillid \u2013 Mudel 2020\/19.C1:<br \/>\n1.Type: plastic<br \/>\n2. Sex: universal<br \/>\n3. Pupil distance(PD):63\/64mm<br \/>\n4.Size: 54-18-141mm<br \/>\n5. Klaasitugevused: -1.00 \u2026 -3.00 (tugevuse vahe 0.25 dpt), -3.50 dpt<br \/>\n6. Mixed colors<br \/>\n7. Lenses: Blue UV<br \/>\n8. Manufacturer: Ariol Trading O\u00dc<\/p>\n<p>&nbsp;<\/p>","protected":false},"excerpt":{"rendered":"<p>Sinise valguse ja UV kaitsega plastik miinusprillid.<\/p>\n<p>Soovitud v\u00e4rvi puudumisel, pakume asenduseks teist v\u00e4rvi. Valitud v\u00e4rvi puudumisel v\u00f5etakse Teiega \u00fchendust.<\/p>","protected":false},"featured_media":3260,"template":"","meta":[],"product_brand":[],"product_cat":[159,162],"product_tag":[],"class_list":{"0":"post-244","1":"product","2":"type-product","3":"status-publish","4":"has-post-thumbnail","6":"product_cat-pluss-valmisprillid","7":"product_cat-valmisprillid","9":"first","10":"instock","11":"featured","12":"taxable","13":"shipping-taxable","14":"purchasable","15":"product-type-variable"},"_links":{"self":[{"href":"https:\/\/arioltrading.ee\/en\/wp-json\/wp\/v2\/product\/244","targetHints":{"allow":["GET"]}}],"collection":[{"href":"https:\/\/arioltrading.ee\/en\/wp-json\/wp\/v2\/product"}],"about":[{"href":"https:\/\/arioltrading.ee\/en\/wp-json\/wp\/v2\/types\/product"}],"wp:featuredmedia":[{"embeddable":true,"href":"https:\/\/arioltrading.ee\/en\/wp-json\/wp\/v2\/media\/3260"}],"wp:attachment":[{"href":"https:\/\/arioltrading.ee\/en\/wp-json\/wp\/v2\/media?parent=244"}],"wp:term":[{"taxonomy":"product_brand","embeddable":true,"href":"https:\/\/arioltrading.ee\/en\/wp-json\/wp\/v2\/product_brand?post=244"},{"taxonomy":"product_cat","embeddable":true,"href":"https:\/\/arioltrading.ee\/en\/wp-json\/wp\/v2\/product_cat?post=244"},{"taxonomy":"product_tag","embeddable":true,"href":"https:\/\/arioltrading.ee\/en\/wp-json\/wp\/v2\/product_tag?post=244"}],"curies":[{"name":"wp","href":"https:\/\/api.w.org\/{rel}","templated":true}]}}