{"id":675,"date":"2023-03-03T09:15:06","date_gmt":"2023-03-03T09:15:06","guid":{"rendered":"https:\/\/new.arioltrading.ee\/?page_id=675"},"modified":"2025-01-22T10:30:06","modified_gmt":"2025-01-22T10:30:06","slug":"privaatsuspoliitika","status":"publish","type":"page","link":"https:\/\/arioltrading.ee\/en\/privaatsuspoliitika\/","title":{"rendered":"PRIVAATSUSPOLIITIKA"},"content":{"rendered":"<p>1<strong>.<\/strong>&nbsp;1. General information<\/p>\n\n\n\n<p>It is important that you can trust us. Therefore, we place emphasis on protecting the privacy of visitors to the E-shop. Accordingly, Ariol Trading O\u00dc visitors are never asked for personal information, unless they voluntarily and knowingly disclose this information themselves.<\/p>\n\n\n\n<p>This information is not disclosed to third parties, except for the transmission of information necessary for the delivery of goods and in the cases prescribed by law.<\/p>\n\n\n\n<p>2. Collection Information<\/p>\n\n\n\n<p>The main goal is to provide a quick and convenient service when collecting information.<\/p>\n\n\n\n<p>If you order goods from the website of Ariol Trading O\u00dc, we will ask you for the following necessary information<\/p>\n\n\n\n<p>-Your name<br>-Your Address<br>-Your E-mail Address<br>-Your phone number<\/p>\n\n\n\n<p>On some pages you can register as a reader of our newsletter. In this case, we ask you for the following information:<\/p>\n\n\n\n<p>-Your name<br>-Your E-mail Address<\/p>\n\n\n\n<p>Ariol Trading also collects information about visitors such as the visitor's IP address,<br>time, when the page was visited, where you came to Ariol Trading O\u00dc's page, how long you were on the website and more. We use this information only to make statistics to make Ariol Trading O\u00dc even better. When you visit our e-shop, your web browser saves a temporary file (hereinafter: cookie), which enables us to offer you a personal online experience and to save the choices made on our page. We can also use cookies to temporarily display advertisements and other offers for products that interest you.<\/p>\n\n\n\n<p>3. Use of information.<\/p>\n\n\n\n<p>We only use the information received from you: name, address, e-mail address, phone number and, if necessary, credit card number to fulfill the order.<\/p>\n\n\n\n<p>We share the information we receive from you with third parties only if it is necessary to deliver the goods to you or if the law requires it. This is how we give the courier your phone number, address and name.<\/p>\n\n\n\n<p>4. Transmission of personal data<\/p>\n\n\n\n<p>Ariol Trading O\u00dc on isikuandmete vastutav t\u00f6\u00f6tleja ja meie ettev\u00f5te edastab maksete teostamiseks vajalikud isikuandmed volitatud t\u00f6\u00f6tleja Maksekeskus AS-le.<\/p>\n\n\n\n<p>5. OUR DETAILS:<\/p>\n\n\n\n<p>Ariol Trading O\u00dc<\/p>\n\n\n\n<p>Estonia<\/p>\n\n\n\n<p>Tartu 50705<\/p>\n\n\n\n<p>Jaama 175-37<\/p>\n\n\n\n<p>Tel: 7482520<\/p>\n\n\n\n<p>E-mail: ariol.trading@gmail.com<\/p>","protected":false},"excerpt":{"rendered":"<p>1.&nbsp;\u00dcldine informatsioon Oluline on, et saaksite meid usaldada. Seega paneme r\u00f5hku E-poe k\u00fclastajate privaatsuse kaitsmisele. Sellest l\u00e4htuvalt, ei k\u00fcsita kunagi Ariol Trading O\u00dc k\u00fclastajalt isiklikke andmeid, v\u00e4lja arvatud juhul, kui nad seda informatsiooni ise vabatahtlikult ja teadlikult avaldavad. Seda informatsiooni ei avaldata kolmandatele osapooltele, v\u00e4lja arvatud kauba kohale toimetamiseks vajaliku informatsiooni edastamine ning seaduses etten\u00e4htud [&hellip;]<\/p>","protected":false},"author":1,"featured_media":0,"parent":0,"menu_order":0,"comment_status":"closed","ping_status":"closed","template":"","meta":{"footnotes":""},"class_list":["post-675","page","type-page","status-publish","hentry"],"_links":{"self":[{"href":"https:\/\/arioltrading.ee\/en\/wp-json\/wp\/v2\/pages\/675","targetHints":{"allow":["GET"]}}],"collection":[{"href":"https:\/\/arioltrading.ee\/en\/wp-json\/wp\/v2\/pages"}],"about":[{"href":"https:\/\/arioltrading.ee\/en\/wp-json\/wp\/v2\/types\/page"}],"author":[{"embeddable":true,"href":"https:\/\/arioltrading.ee\/en\/wp-json\/wp\/v2\/users\/1"}],"replies":[{"embeddable":true,"href":"https:\/\/arioltrading.ee\/en\/wp-json\/wp\/v2\/comments?post=675"}],"version-history":[{"count":2,"href":"https:\/\/arioltrading.ee\/en\/wp-json\/wp\/v2\/pages\/675\/revisions"}],"predecessor-version":[{"id":5298,"href":"https:\/\/arioltrading.ee\/en\/wp-json\/wp\/v2\/pages\/675\/revisions\/5298"}],"wp:attachment":[{"href":"https:\/\/arioltrading.ee\/en\/wp-json\/wp\/v2\/media?parent=675"}],"curies":[{"name":"wp","href":"https:\/\/api.w.org\/{rel}","templated":true}]}}