{"id":6337,"date":"2026-03-11T11:03:29","date_gmt":"2026-03-11T11:03:29","guid":{"rendered":"https:\/\/arioltrading.ee\/?page_id=6337"},"modified":"2026-03-11T11:03:29","modified_gmt":"2026-03-11T11:03:29","slug":"toosid","status":"publish","type":"page","link":"https:\/\/arioltrading.ee\/en\/toosid\/","title":{"rendered":"TOOSID"},"content":{"rendered":"<div class=\"woocommerce columns-4\"><ul class=\"products columns-4\">\n<li class=\"product type-product post-177 status-publish first instock product_cat-prillitoosid has-post-thumbnail taxable shipping-taxable purchasable product-type-simple\">\n\t<a href=\"https:\/\/arioltrading.ee\/en\/product\/prillitoos-mudel-80075\/\" class=\"woocommerce-LoopProduct-link woocommerce-loop-product__link\"><img loading=\"lazy\" decoding=\"async\" width=\"200\" height=\"200\" src=\"https:\/\/arioltrading.ee\/wp-content\/uploads\/2023\/02\/PRILLITOOS-Mudel-80075-200x200.png\" class=\"attachment-woocommerce_thumbnail size-woocommerce_thumbnail\" alt=\"PRILLITOOS &lt;br&gt;&lt;p&gt;&lt;span style=&quot;font-weight:normal&quot;&gt;Mudel 80.075\" srcset=\"https:\/\/arioltrading.ee\/wp-content\/uploads\/2023\/02\/PRILLITOOS-Mudel-80075-200x200.png 200w, https:\/\/arioltrading.ee\/wp-content\/uploads\/2023\/02\/PRILLITOOS-Mudel-80075-100x100.png 100w, https:\/\/arioltrading.ee\/wp-content\/uploads\/2023\/02\/PRILLITOOS-Mudel-80075-500x500.png 500w, https:\/\/arioltrading.ee\/wp-content\/uploads\/2023\/02\/PRILLITOOS-Mudel-80075-150x150.png 150w, https:\/\/arioltrading.ee\/wp-content\/uploads\/2023\/02\/PRILLITOOS-Mudel-80075-300x300.png 300w, https:\/\/arioltrading.ee\/wp-content\/uploads\/2023\/02\/PRILLITOOS-Mudel-80075-12x12.png 12w, https:\/\/arioltrading.ee\/wp-content\/uploads\/2023\/02\/PRILLITOOS-Mudel-80075.png 580w\" sizes=\"auto, (max-width: 200px) 100vw, 200px\" \/><h2 class=\"woocommerce-loop-product__title\">Eyewear case <br><p><span style=\"font-weight:normal\">Model 80.075<\/h2>\n\t<span class=\"price\"><span class=\"woocommerce-Price-amount amount\"><bdi>0,00&nbsp;<span class=\"woocommerce-Price-currencySymbol\">&euro;<\/span><\/bdi><\/span><\/span>\n<\/a><a href=\"?add-to-cart=177\" aria-describedby=\"woocommerce_loop_add_to_cart_link_describedby_177\" data-quantity=\"1\" class=\"button product_type_simple add_to_cart_button ajax_add_to_cart\" data-product_id=\"177\" data-product_sku=\"\" aria-label=\"Add to basket: \u201cPRILLITOOS Mudel 80.075\u201d\" rel=\"nofollow\" data-success_message=\"\u201cPRILLITOOS &lt;br&gt;&lt;p&gt;&lt;span style=&quot;font-weight:normal&quot;&gt;Mudel 80.075\u201d has been added to your cart\" data-no-translation=\"\" data-trp-gettext=\"\" data-no-translation-aria-label=\"\" data-no-translation-data-success_message=\"\">Lisa ostukorvi<\/a>\t<span id=\"woocommerce_loop_add_to_cart_link_describedby_177\" class=\"screen-reader-text\">\n\t\t\t<\/span>\n<\/li>\n<li class=\"product type-product post-150 status-publish instock product_cat-prillitoosid has-post-thumbnail taxable shipping-taxable purchasable product-type-simple\">\n\t<a href=\"https:\/\/arioltrading.ee\/en\/product\/pehme-prilllitoos-mudel-11026\/\" class=\"woocommerce-LoopProduct-link woocommerce-loop-product__link\"><img loading=\"lazy\" decoding=\"async\" width=\"200\" height=\"200\" src=\"https:\/\/arioltrading.ee\/wp-content\/uploads\/2023\/02\/Mudel-11026-pehme-prillitoos-200x200.png\" class=\"attachment-woocommerce_thumbnail size-woocommerce_thumbnail\" alt=\"PRILLITOOS &lt;br&gt;&lt;p&gt;&lt;span style=&quot;font-weight:normal&quot;&gt;Pehme Mudel 11.026\" srcset=\"https:\/\/arioltrading.ee\/wp-content\/uploads\/2023\/02\/Mudel-11026-pehme-prillitoos-200x200.png 200w, https:\/\/arioltrading.ee\/wp-content\/uploads\/2023\/02\/Mudel-11026-pehme-prillitoos-100x100.png 100w, https:\/\/arioltrading.ee\/wp-content\/uploads\/2023\/02\/Mudel-11026-pehme-prillitoos-500x500.png 500w, https:\/\/arioltrading.ee\/wp-content\/uploads\/2023\/02\/Mudel-11026-pehme-prillitoos-150x150.png 150w, https:\/\/arioltrading.ee\/wp-content\/uploads\/2023\/02\/Mudel-11026-pehme-prillitoos-300x300.png 300w, https:\/\/arioltrading.ee\/wp-content\/uploads\/2023\/02\/Mudel-11026-pehme-prillitoos-12x12.png 12w, https:\/\/arioltrading.ee\/wp-content\/uploads\/2023\/02\/Mudel-11026-pehme-prillitoos.png 580w\" sizes=\"auto, (max-width: 200px) 100vw, 200px\" \/><h2 class=\"woocommerce-loop-product__title\">Eyewear case <br><p><span style=\"font-weight:normal\">Soft model 11.026<\/h2>\n\t<span class=\"price\"><span class=\"woocommerce-Price-amount amount\"><bdi>0,00&nbsp;<span class=\"woocommerce-Price-currencySymbol\">&euro;<\/span><\/bdi><\/span><\/span>\n<\/a><a href=\"?add-to-cart=150\" aria-describedby=\"woocommerce_loop_add_to_cart_link_describedby_150\" data-quantity=\"1\" class=\"button product_type_simple add_to_cart_button ajax_add_to_cart\" data-product_id=\"150\" data-product_sku=\"\" aria-label=\"Add to basket: \u201cPRILLITOOS Pehme Mudel 11.026\u201d\" rel=\"nofollow\" data-success_message=\"\u201cPRILLITOOS &lt;br&gt;&lt;p&gt;&lt;span style=&quot;font-weight:normal&quot;&gt;Pehme Mudel 11.026\u201d has been added to your cart\" data-no-translation=\"\" data-trp-gettext=\"\" data-no-translation-aria-label=\"\" data-no-translation-data-success_message=\"\">Lisa ostukorvi<\/a>\t<span id=\"woocommerce_loop_add_to_cart_link_describedby_150\" class=\"screen-reader-text\">\n\t\t\t<\/span>\n<\/li>\n<li class=\"product type-product post-129 status-publish outofstock product_cat-puhastusvedelikud-2 product_cat-puhastusvedelikud product_cat-uduvastane has-post-thumbnail taxable shipping-taxable purchasable product-type-simple\">\n\t<a href=\"https:\/\/arioltrading.ee\/en\/product\/uduvastane-prillipuhastusvedelik-25ml\/\" class=\"woocommerce-LoopProduct-link woocommerce-loop-product__link\"><img loading=\"lazy\" decoding=\"async\" width=\"200\" height=\"200\" src=\"https:\/\/arioltrading.ee\/wp-content\/uploads\/2023\/02\/Puhastav-ning-uduvastast-efekti-lisav-vedelik-prilliklaaside-puhastamiseks-2-200x200.png\" class=\"attachment-woocommerce_thumbnail size-woocommerce_thumbnail\" alt=\"ALBINEX 25ml &lt;br&gt;&lt;p&gt;&lt;span style=&quot;font-weight:normal&quot;&gt;Uduvastane prillipuhastusvedelik\" srcset=\"https:\/\/arioltrading.ee\/wp-content\/uploads\/2023\/02\/Puhastav-ning-uduvastast-efekti-lisav-vedelik-prilliklaaside-puhastamiseks-2-200x200.png 200w, https:\/\/arioltrading.ee\/wp-content\/uploads\/2023\/02\/Puhastav-ning-uduvastast-efekti-lisav-vedelik-prilliklaaside-puhastamiseks-2-100x100.png 100w, https:\/\/arioltrading.ee\/wp-content\/uploads\/2023\/02\/Puhastav-ning-uduvastast-efekti-lisav-vedelik-prilliklaaside-puhastamiseks-2-500x500.png 500w, https:\/\/arioltrading.ee\/wp-content\/uploads\/2023\/02\/Puhastav-ning-uduvastast-efekti-lisav-vedelik-prilliklaaside-puhastamiseks-2-150x150.png 150w, https:\/\/arioltrading.ee\/wp-content\/uploads\/2023\/02\/Puhastav-ning-uduvastast-efekti-lisav-vedelik-prilliklaaside-puhastamiseks-2-300x300.png 300w, https:\/\/arioltrading.ee\/wp-content\/uploads\/2023\/02\/Puhastav-ning-uduvastast-efekti-lisav-vedelik-prilliklaaside-puhastamiseks-2-12x12.png 12w, https:\/\/arioltrading.ee\/wp-content\/uploads\/2023\/02\/Puhastav-ning-uduvastast-efekti-lisav-vedelik-prilliklaaside-puhastamiseks-2.png 580w\" sizes=\"auto, (max-width: 200px) 100vw, 200px\" \/><h2 class=\"woocommerce-loop-product__title\">ALBINEX 25ml <br><p><span style=\"font-weight:normal\">LIQUID FOR CLEANING OPTICAL GLASSES, PROTECTS AGAINST FOGGING<\/h2>\n\t<span class=\"price\"><span class=\"woocommerce-Price-amount amount\"><bdi>0,00&nbsp;<span class=\"woocommerce-Price-currencySymbol\">&euro;<\/span><\/bdi><\/span><\/span>\n<\/a><a href=\"https:\/\/arioltrading.ee\/en\/product\/uduvastane-prillipuhastusvedelik-25ml\/\" aria-describedby=\"woocommerce_loop_add_to_cart_link_describedby_129\" data-quantity=\"1\" class=\"button product_type_simple\" data-product_id=\"129\" data-product_sku=\"\" aria-label=\"Read more about \u201cALBINEX 25ml Uduvastane prillipuhastusvedelik\u201d\" rel=\"nofollow\" data-success_message=\"\" data-no-translation=\"\" data-trp-gettext=\"\" data-no-translation-aria-label=\"\">Lisa ostukorvi<\/a>\t<span id=\"woocommerce_loop_add_to_cart_link_describedby_129\" class=\"screen-reader-text\">\n\t\t\t<\/span>\n<\/li>\n<li class=\"product type-product post-81 status-publish last instock product_cat-laatsehooldusvedelikud has-post-thumbnail taxable shipping-taxable purchasable product-type-simple\">\n\t<a href=\"https:\/\/arioltrading.ee\/en\/product\/laatsevedelik-univis-bio-travel-100ml\/\" class=\"woocommerce-LoopProduct-link woocommerce-loop-product__link\"><img loading=\"lazy\" decoding=\"async\" width=\"200\" height=\"200\" src=\"https:\/\/arioltrading.ee\/wp-content\/uploads\/2023\/02\/Univis-200x200.png\" class=\"attachment-woocommerce_thumbnail size-woocommerce_thumbnail\" alt=\"UNIVIS BIO Travel&lt;br&gt;&lt;p&gt;&lt;span style=&quot;font-weight:normal&quot;&gt; L\u00e4\u00e4tsevedelik &lt;br&gt;100ml+ konteiner\" srcset=\"https:\/\/arioltrading.ee\/wp-content\/uploads\/2023\/02\/Univis-200x200.png 200w, https:\/\/arioltrading.ee\/wp-content\/uploads\/2023\/02\/Univis-100x100.png 100w, https:\/\/arioltrading.ee\/wp-content\/uploads\/2023\/02\/Univis-150x150.png 150w, https:\/\/arioltrading.ee\/wp-content\/uploads\/2023\/02\/Univis-300x300.png 300w, https:\/\/arioltrading.ee\/wp-content\/uploads\/2023\/02\/Univis-12x12.png 12w, https:\/\/arioltrading.ee\/wp-content\/uploads\/2023\/02\/Univis-416x416.png 416w, https:\/\/arioltrading.ee\/wp-content\/uploads\/2023\/02\/Univis.png 500w\" sizes=\"auto, (max-width: 200px) 100vw, 200px\" \/><h2 class=\"woocommerce-loop-product__title\">UNIVIS BIO Travel<br><p><span style=\"font-weight:normal\"> Lens cleaning fluid <br>100ml+ container<\/h2>\n\t<span class=\"price\"><span class=\"woocommerce-Price-amount amount\"><bdi>0,00&nbsp;<span class=\"woocommerce-Price-currencySymbol\">&euro;<\/span><\/bdi><\/span><\/span>\n<\/a><a href=\"?add-to-cart=81\" aria-describedby=\"woocommerce_loop_add_to_cart_link_describedby_81\" data-quantity=\"1\" class=\"button product_type_simple add_to_cart_button ajax_add_to_cart\" data-product_id=\"81\" data-product_sku=\"\" aria-label=\"Add to basket: \u201cUNIVIS BIO Travel L\u00e4\u00e4tsevedelik 100ml+ konteiner\u201d\" rel=\"nofollow\" data-success_message=\"\u201cUNIVIS BIO Travel&lt;br&gt;&lt;p&gt;&lt;span style=&quot;font-weight:normal&quot;&gt; L\u00e4\u00e4tsevedelik &lt;br&gt;100ml+ konteiner\u201d has been added to your cart\" data-no-translation=\"\" data-trp-gettext=\"\" data-no-translation-aria-label=\"\" data-no-translation-data-success_message=\"\">Lisa ostukorvi<\/a>\t<span id=\"woocommerce_loop_add_to_cart_link_describedby_81\" class=\"screen-reader-text\">\n\t\t\t<\/span>\n<\/li>\n<li class=\"product type-product post-108 status-publish first instock product_cat-1-paevased-kontaktlaatsed product_cat-kontaktlaatsed has-post-thumbnail taxable shipping-taxable purchasable product-type-variable\">\n\t<a href=\"https:\/\/arioltrading.ee\/en\/product\/sofclear-comfort-with-biomoist-1-paevased-laatsed-30tk-pk\/\" class=\"woocommerce-LoopProduct-link woocommerce-loop-product__link\"><img loading=\"lazy\" decoding=\"async\" width=\"200\" height=\"200\" src=\"https:\/\/arioltrading.ee\/wp-content\/uploads\/2023\/02\/kontaktlaatsed-10-200x200.png\" class=\"attachment-woocommerce_thumbnail size-woocommerce_thumbnail\" alt=\"SOFCLEAR COMFORT &lt;br&gt;&lt;p&gt;&lt;span style=&quot;font-weight:normal&quot;&gt;BioMoist 1-p\u00e4evased l\u00e4\u00e4tsed (30tk\/pk)\" srcset=\"https:\/\/arioltrading.ee\/wp-content\/uploads\/2023\/02\/kontaktlaatsed-10-200x200.png 200w, https:\/\/arioltrading.ee\/wp-content\/uploads\/2023\/02\/kontaktlaatsed-10-100x100.png 100w, https:\/\/arioltrading.ee\/wp-content\/uploads\/2023\/02\/kontaktlaatsed-10-500x500.png 500w, https:\/\/arioltrading.ee\/wp-content\/uploads\/2023\/02\/kontaktlaatsed-10-150x150.png 150w, https:\/\/arioltrading.ee\/wp-content\/uploads\/2023\/02\/kontaktlaatsed-10-300x300.png 300w, https:\/\/arioltrading.ee\/wp-content\/uploads\/2023\/02\/kontaktlaatsed-10-12x12.png 12w, https:\/\/arioltrading.ee\/wp-content\/uploads\/2023\/02\/kontaktlaatsed-10.png 580w\" sizes=\"auto, (max-width: 200px) 100vw, 200px\" \/><h2 class=\"woocommerce-loop-product__title\">SOFCLEAR COMFORT <br><p><span style=\"font-weight:normal\">BioMoist 1-day contact lenses (30pc\/pck)<\/h2>\n\t<span class=\"price\"><span class=\"woocommerce-Price-amount amount\"><bdi>31,50&nbsp;<span class=\"woocommerce-Price-currencySymbol\">&euro;<\/span><\/bdi><\/span><\/span>\n<\/a><a href=\"https:\/\/arioltrading.ee\/en\/product\/sofclear-comfort-with-biomoist-1-paevased-laatsed-30tk-pk\/\" aria-describedby=\"woocommerce_loop_add_to_cart_link_describedby_108\" data-quantity=\"1\" class=\"button product_type_variable add_to_cart_button\" data-product_id=\"108\" data-product_sku=\"\" aria-label=\"Add to the order form\" rel=\"nofollow\" data-no-translation=\"\" data-trp-gettext=\"\" data-no-translation-aria-label=\"\">Lisa ostukorvi<\/a>\t<span id=\"woocommerce_loop_add_to_cart_link_describedby_108\" class=\"screen-reader-text\">\n\t\tThis product has multiple variants. The options may be chosen on the product page\t<\/span>\n<\/li>\n<li class=\"product type-product post-87 status-publish instock product_cat-1-kuulised-kontaktlaatsed product_cat-kontaktlaatsed has-post-thumbnail taxable shipping-taxable purchasable product-type-variable\">\n\t<a href=\"https:\/\/arioltrading.ee\/en\/product\/sofclear-comfort-biomoist-1-kuulised-kontaktlaatsed-6tk-pksofclear-comfort-biomoist-%d0%ba%d0%be%d0%bd%d1%82%d0%b0%d0%ba%d1%82%d0%bd%d1%8b%d0%b5-%d0%bb%d0%b8%d0%bd%d0%b7%d1%8b-%d0%bd%d0%b0-1-%d0%bc\/\" class=\"woocommerce-LoopProduct-link woocommerce-loop-product__link\"><img loading=\"lazy\" decoding=\"async\" width=\"200\" height=\"200\" src=\"https:\/\/arioltrading.ee\/wp-content\/uploads\/2023\/06\/kontaktlaatsed-9-200x200.png\" class=\"attachment-woocommerce_thumbnail size-woocommerce_thumbnail\" alt=\"SOFCLEAR COMFORT &lt;br&gt;&lt;p&gt;&lt;span style=&quot;font-weight:normal&quot;&gt;BioMoist 1-kuulised kontaktl\u00e4\u00e4tsed (6tk\/pk)\" srcset=\"https:\/\/arioltrading.ee\/wp-content\/uploads\/2023\/06\/kontaktlaatsed-9-200x200.png 200w, https:\/\/arioltrading.ee\/wp-content\/uploads\/2023\/06\/kontaktlaatsed-9-100x100.png 100w, https:\/\/arioltrading.ee\/wp-content\/uploads\/2023\/06\/kontaktlaatsed-9-500x500.png 500w, https:\/\/arioltrading.ee\/wp-content\/uploads\/2023\/06\/kontaktlaatsed-9-150x150.png 150w, https:\/\/arioltrading.ee\/wp-content\/uploads\/2023\/06\/kontaktlaatsed-9-300x300.png 300w, https:\/\/arioltrading.ee\/wp-content\/uploads\/2023\/06\/kontaktlaatsed-9-12x12.png 12w, https:\/\/arioltrading.ee\/wp-content\/uploads\/2023\/06\/kontaktlaatsed-9.png 580w\" sizes=\"auto, (max-width: 200px) 100vw, 200px\" \/><h2 class=\"woocommerce-loop-product__title\">SOFCLEAR COMFORT <br><p><span style=\"font-weight:normal\">BioMoist 1-month contact lenses (6pc\/pck)<\/h2>\n\t<span class=\"price\"><span class=\"woocommerce-Price-amount amount\"><bdi>20,00&nbsp;<span class=\"woocommerce-Price-currencySymbol\">&euro;<\/span><\/bdi><\/span><\/span>\n<\/a><a href=\"https:\/\/arioltrading.ee\/en\/product\/sofclear-comfort-biomoist-1-kuulised-kontaktlaatsed-6tk-pksofclear-comfort-biomoist-%d0%ba%d0%be%d0%bd%d1%82%d0%b0%d0%ba%d1%82%d0%bd%d1%8b%d0%b5-%d0%bb%d0%b8%d0%bd%d0%b7%d1%8b-%d0%bd%d0%b0-1-%d0%bc\/\" aria-describedby=\"woocommerce_loop_add_to_cart_link_describedby_87\" data-quantity=\"1\" class=\"button product_type_variable add_to_cart_button\" data-product_id=\"87\" data-product_sku=\"\" aria-label=\"Add to the order form\" rel=\"nofollow\" data-no-translation=\"\" data-trp-gettext=\"\" data-no-translation-aria-label=\"\">Lisa ostukorvi<\/a>\t<span id=\"woocommerce_loop_add_to_cart_link_describedby_87\" class=\"screen-reader-text\">\n\t\tThis product has multiple variants. The options may be chosen on the product page\t<\/span>\n<\/li>\n<\/ul>\n<\/div>\n\n\n\n<p><\/p>\n\n\n\n<p><\/p>\n\n\n\n<p><\/p>","protected":false},"excerpt":{"rendered":"","protected":false},"author":20,"featured_media":0,"parent":0,"menu_order":0,"comment_status":"closed","ping_status":"closed","template":"","meta":{"footnotes":""},"class_list":["post-6337","page","type-page","status-publish","hentry"],"_links":{"self":[{"href":"https:\/\/arioltrading.ee\/en\/wp-json\/wp\/v2\/pages\/6337","targetHints":{"allow":["GET"]}}],"collection":[{"href":"https:\/\/arioltrading.ee\/en\/wp-json\/wp\/v2\/pages"}],"about":[{"href":"https:\/\/arioltrading.ee\/en\/wp-json\/wp\/v2\/types\/page"}],"author":[{"embeddable":true,"href":"https:\/\/arioltrading.ee\/en\/wp-json\/wp\/v2\/users\/20"}],"replies":[{"embeddable":true,"href":"https:\/\/arioltrading.ee\/en\/wp-json\/wp\/v2\/comments?post=6337"}],"version-history":[{"count":2,"href":"https:\/\/arioltrading.ee\/en\/wp-json\/wp\/v2\/pages\/6337\/revisions"}],"predecessor-version":[{"id":6345,"href":"https:\/\/arioltrading.ee\/en\/wp-json\/wp\/v2\/pages\/6337\/revisions\/6345"}],"wp:attachment":[{"href":"https:\/\/arioltrading.ee\/en\/wp-json\/wp\/v2\/media?parent=6337"}],"curies":[{"name":"wp","href":"https:\/\/api.w.org\/{rel}","templated":true}]}}