{"id":4240,"date":"2024-10-18T07:03:27","date_gmt":"2024-10-18T07:03:27","guid":{"rendered":"https:\/\/arioltrading.ee\/?page_id=4240"},"modified":"2024-10-18T07:04:37","modified_gmt":"2024-10-18T07:04:37","slug":"firmast","status":"publish","type":"page","link":"https:\/\/arioltrading.ee\/en\/firmast\/","title":{"rendered":"About Us &amp; Contacts"},"content":{"rendered":"<h2 class=\"wp-block-heading\"><strong>ARIOL TRADING<\/strong>&nbsp; O\u00dc is a small wholesale company of optical goods, located in Tartu, Estonia.<\/h2>\n\n\n\n<p>The company started operations in Estonia in 1996 and in 2002 expanded its operations in Latvia and Lithuania.<\/p>\n\n\n\n<p>Since 2003, the company has been offering spectacles manufacturing services to spectacle shops.<\/p>\n\n\n\n<p>Our main sales products are ready glasses, spectacle lenses, contact lenses, eye drops, spectacle cases, cleaning fluids, cleaning cloths and spectacle frames.<\/p>\n\n\n\n<p>The goods we offer come from various countries, from the Far-East to Europe.<\/p>\n\n\n\n<p>ARIOL TRADING O\u00dc<\/p>\n\n\n\n<p>Jaama 175-37<br>Tartu 50705<br>Estonia<\/p>\n\n\n\n<p>Tel:&nbsp;<a href=\"callto: 3727482520\">+372 748 2520<\/a><br>Mobiil: +372 5562 4104<br>E-mail: ariol.trading@gmail.com<\/p>","protected":false},"excerpt":{"rendered":"<p>ARIOL TRADING&nbsp; O\u00dc on&nbsp;optika kaupade v\u00e4ike hulgim\u00fc\u00fcgi firma, mis asub Eestis, Tartu linnas. Firma alustas tegevust Eestis 1996.&nbsp;aastal ning 2002. aastal laiendas oma tegevust L\u00e4tis ja Leedus. Alates 2003.aastast pakub&nbsp;firma prillide valmistamise teenust prillipoodidele. Meie p\u00f5hilisteks m\u00fc\u00fcgitoodeteks on valmisprillid, prilliklaasid, kontaktl\u00e4\u00e4tsed, silmatilgad, prillitoosid,&nbsp;puhastusvedelikud, puhastuslapid ja prilliraamid. Meie pakutavad kaubad on erinevate maade p\u00e4ritoluga Kaug-Idast kuni [&hellip;]<\/p>","protected":false},"author":1,"featured_media":0,"parent":0,"menu_order":0,"comment_status":"closed","ping_status":"closed","template":"","meta":{"footnotes":""},"class_list":["post-4240","page","type-page","status-publish","hentry"],"_links":{"self":[{"href":"https:\/\/arioltrading.ee\/en\/wp-json\/wp\/v2\/pages\/4240","targetHints":{"allow":["GET"]}}],"collection":[{"href":"https:\/\/arioltrading.ee\/en\/wp-json\/wp\/v2\/pages"}],"about":[{"href":"https:\/\/arioltrading.ee\/en\/wp-json\/wp\/v2\/types\/page"}],"author":[{"embeddable":true,"href":"https:\/\/arioltrading.ee\/en\/wp-json\/wp\/v2\/users\/1"}],"replies":[{"embeddable":true,"href":"https:\/\/arioltrading.ee\/en\/wp-json\/wp\/v2\/comments?post=4240"}],"version-history":[{"count":2,"href":"https:\/\/arioltrading.ee\/en\/wp-json\/wp\/v2\/pages\/4240\/revisions"}],"predecessor-version":[{"id":4244,"href":"https:\/\/arioltrading.ee\/en\/wp-json\/wp\/v2\/pages\/4240\/revisions\/4244"}],"wp:attachment":[{"href":"https:\/\/arioltrading.ee\/en\/wp-json\/wp\/v2\/media?parent=4240"}],"curies":[{"name":"wp","href":"https:\/\/api.w.org\/{rel}","templated":true}]}}